{"id":1031,"date":"2024-02-04T23:23:16","date_gmt":"2024-02-04T23:23:16","guid":{"rendered":"https:\/\/areas.com.py\/?page_id=1031"},"modified":"2024-02-05T15:48:28","modified_gmt":"2024-02-05T15:48:28","slug":"servicios-administrativos","status":"publish","type":"page","link":"https:\/\/areas.com.py\/?page_id=1031","title":{"rendered":"SERVICIOS ADMINISTRATIVOS"},"content":{"rendered":"\n<div data-aos= \"fade-down\" data-aos-duration=\"400\" data-aos-delay=\"0\" data-aos-easing=\"ease\" data-aos-once=\"true\" class=\"wp-block-uagb-image uagb-block-3c3b266d wp-block-uagb-image--layout-default wp-block-uagb-image--effect-slide wp-block-uagb-image--align-none\"><figure class=\"wp-block-uagb-image__figure\"><img decoding=\"async\" srcset=\"https:\/\/areas.com.py\/wp-content\/uploads\/2024\/02\/PARA-WEB-30.jpg ,https:\/\/areas.com.py\/wp-content\/uploads\/2024\/02\/PARA-WEB-30.jpg 780w, https:\/\/areas.com.py\/wp-content\/uploads\/2024\/02\/PARA-WEB-30.jpg 360w\" sizes=\"auto, (max-width: 480px) 150px\" src=\"https:\/\/areas.com.py\/wp-content\/uploads\/2024\/02\/PARA-WEB-30.jpg\" alt=\"\" class=\"uag-image-1120\" width=\"1023\" height=\"503\" title=\"\" loading=\"lazy\"\/><\/figure><\/div>\n\n\n\n<hr class=\"wp-block-separator has-alpha-channel-opacity is-style-dots\" style=\"margin-top:var(--wp--preset--spacing--80);margin-bottom:var(--wp--preset--spacing--80)\"\/>\n\n\n\n<div data-aos= \"flip-down\" data-aos-duration=\"400\" data-aos-delay=\"0\" data-aos-easing=\"ease\" data-aos-once=\"true\" class=\"wp-block-uagb-container uagb-block-e113dbb7 alignfull uagb-is-root-container\"><div class=\"uagb-container-inner-blocks-wrap\">\n<div class=\"wp-block-uagb-container uagb-block-cf18621e\">\n<div class=\"wp-block-uagb-info-box uagb-block-a00314c1 uagb-infobox__content-wrap  uagb-infobox-icon-above-title uagb-infobox-image-valign-top\"><div class=\"uagb-ifb-content\"><div class=\"uagb-ifb-title-wrap\"><h3 class=\"uagb-ifb-title\">TERCERIZACI\u00d3N CONTABLE ADMINISTRATIVO<\/h3><\/div><p class=\"uagb-ifb-desc\"><strong>Facturaci\u00f3n\u00a0 a clientes, cobros, pago a proveedores, gestor\u00edas,\u00a0 tercerizaci\u00f3n de auditor\u00eda interna, entre otros.<\/strong><\/p><\/div><\/div>\n<\/div>\n\n\n\n<div class=\"wp-block-uagb-container uagb-block-43cd8f4b\">\n<div data-aos= \"zoom-in\" data-aos-duration=\"400\" data-aos-delay=\"0\" data-aos-easing=\"ease\" data-aos-once=\"true\" class=\"wp-block-uagb-image uagb-block-b36112ff wp-block-uagb-image--layout-default wp-block-uagb-image--effect-blur wp-block-uagb-image--align-none\"><figure class=\"wp-block-uagb-image__figure\"><img decoding=\"async\" srcset=\"https:\/\/areas.com.py\/wp-content\/uploads\/2024\/02\/PARA-WEB-32-1.jpg ,https:\/\/areas.com.py\/wp-content\/uploads\/2024\/02\/PARA-WEB-32-1.jpg 780w, https:\/\/areas.com.py\/wp-content\/uploads\/2024\/02\/PARA-WEB-32-1.jpg 360w\" sizes=\"auto, (max-width: 480px) 150px\" src=\"https:\/\/areas.com.py\/wp-content\/uploads\/2024\/02\/PARA-WEB-32-1.jpg\" alt=\"\" class=\"uag-image-1124\" width=\"1000\" height=\"1000\" title=\"\" loading=\"lazy\"\/><\/figure><\/div>\n<\/div>\n<\/div><\/div>\n\n\n\n<hr class=\"wp-block-separator has-alpha-channel-opacity is-style-dots\" style=\"margin-top:var(--wp--preset--spacing--80);margin-bottom:var(--wp--preset--spacing--80)\"\/>\n\n\n\n<div data-aos= \"slide-down\" data-aos-duration=\"400\" data-aos-delay=\"0\" data-aos-easing=\"ease\" data-aos-once=\"true\" class=\"wp-block-uagb-container uagb-block-cba05d48 alignfull uagb-is-root-container\"><div class=\"uagb-container-inner-blocks-wrap\">\n<div class=\"wp-block-uagb-container uagb-block-9bafdd6b\">\n<div data-aos= \"zoom-in\" data-aos-duration=\"400\" data-aos-delay=\"0\" data-aos-easing=\"ease\" data-aos-once=\"true\" class=\"wp-block-uagb-image uagb-block-ec7f79fd wp-block-uagb-image--layout-default wp-block-uagb-image--effect-blur wp-block-uagb-image--align-none\"><figure class=\"wp-block-uagb-image__figure\"><img decoding=\"async\" srcset=\"https:\/\/areas.com.py\/wp-content\/uploads\/2024\/02\/PARA-WEB-31.jpg ,https:\/\/areas.com.py\/wp-content\/uploads\/2024\/02\/PARA-WEB-31.jpg 780w, https:\/\/areas.com.py\/wp-content\/uploads\/2024\/02\/PARA-WEB-31.jpg 360w\" sizes=\"auto, (max-width: 480px) 150px\" src=\"https:\/\/areas.com.py\/wp-content\/uploads\/2024\/02\/PARA-WEB-31.jpg\" alt=\"\" class=\"uag-image-1122\" width=\"1000\" height=\"1000\" title=\"\" loading=\"lazy\"\/><\/figure><\/div>\n<\/div>\n\n\n\n<div class=\"wp-block-uagb-container uagb-block-f24262dc\">\n<div class=\"wp-block-uagb-info-box uagb-block-dacb6a76 uagb-infobox__content-wrap  uagb-infobox-icon-above-title uagb-infobox-image-valign-top\"><div class=\"uagb-ifb-content\"><div class=\"uagb-ifb-title-wrap\"><h3 class=\"uagb-ifb-title\">FINANZAS<\/h3><\/div><p class=\"uagb-ifb-desc\"><strong>&#8211; Evaluaci\u00f3n econ\u00f3mica.<br>&#8211; financiera sobre la viabilidad de la inversi\u00f3n a efectuar.<br>&#8211; Estudios financieros requeridos por los bancos para la obtenci\u00f3n de financiamiento externo.<br>&#8211; Evaluaci\u00f3n de la rentabilidad de los negocios actuales.<br>&#8211; Elaboraci\u00f3n de flujo de efectivo.<\/strong><\/p><\/div><\/div>\n<\/div>\n<\/div><\/div>\n","protected":false},"excerpt":{"rendered":"","protected":false},"author":1,"featured_media":0,"parent":0,"menu_order":0,"comment_status":"closed","ping_status":"closed","template":"","meta":{"_uag_custom_page_level_css":"","site-sidebar-layout":"default","site-content-layout":"","ast-site-content-layout":"default","site-content-style":"default","site-sidebar-style":"default","ast-global-header-display":"","ast-banner-title-visibility":"","ast-main-header-display":"","ast-hfb-above-header-display":"","ast-hfb-below-header-display":"","ast-hfb-mobile-header-display":"","site-post-title":"disabled","ast-breadcrumbs-content":"","ast-featured-img":"","footer-sml-layout":"","theme-transparent-header-meta":"","adv-header-id-meta":"","stick-header-meta":"","header-above-stick-meta":"","header-main-stick-meta":"","header-below-stick-meta":"","astra-migrate-meta-layouts":"default","ast-page-background-enabled":"default","ast-page-background-meta":{"desktop":{"background-color":"var(--ast-global-color-4)","background-image":"","background-repeat":"repeat","background-position":"center center","background-size":"auto","background-attachment":"scroll","background-type":"","background-media":"","overlay-type":"","overlay-color":"","overlay-opacity":"","overlay-gradient":""},"tablet":{"background-color":"","background-image":"","background-repeat":"repeat","background-position":"center center","background-size":"auto","background-attachment":"scroll","background-type":"","background-media":"","overlay-type":"","overlay-color":"","overlay-opacity":"","overlay-gradient":""},"mobile":{"background-color":"","background-image":"","background-repeat":"repeat","background-position":"center center","background-size":"auto","background-attachment":"scroll","background-type":"","background-media":"","overlay-type":"","overlay-color":"","overlay-opacity":"","overlay-gradient":""}},"ast-content-background-meta":{"desktop":{"background-color":"var(--ast-global-color-5)","background-image":"","background-repeat":"repeat","background-position":"center center","background-size":"auto","background-attachment":"scroll","background-type":"","background-media":"","overlay-type":"","overlay-color":"","overlay-opacity":"","overlay-gradient":""},"tablet":{"background-color":"var(--ast-global-color-5)","background-image":"","background-repeat":"repeat","background-position":"center center","background-size":"auto","background-attachment":"scroll","background-type":"","background-media":"","overlay-type":"","overlay-color":"","overlay-opacity":"","overlay-gradient":""},"mobile":{"background-color":"var(--ast-global-color-5)","background-image":"","background-repeat":"repeat","background-position":"center center","background-size":"auto","background-attachment":"scroll","background-type":"","background-media":"","overlay-type":"","overlay-color":"","overlay-opacity":"","overlay-gradient":""}},"footnotes":""},"class_list":["post-1031","page","type-page","status-publish","hentry"],"uagb_featured_image_src":{"full":false,"thumbnail":false,"medium":false,"medium_large":false,"large":false,"1536x1536":false,"2048x2048":false},"uagb_author_info":{"display_name":"admin","author_link":"https:\/\/areas.com.py\/?author=1"},"uagb_comment_info":0,"uagb_excerpt":null,"_links":{"self":[{"href":"https:\/\/areas.com.py\/index.php?rest_route=\/wp\/v2\/pages\/1031","targetHints":{"allow":["GET"]}}],"collection":[{"href":"https:\/\/areas.com.py\/index.php?rest_route=\/wp\/v2\/pages"}],"about":[{"href":"https:\/\/areas.com.py\/index.php?rest_route=\/wp\/v2\/types\/page"}],"author":[{"embeddable":true,"href":"https:\/\/areas.com.py\/index.php?rest_route=\/wp\/v2\/users\/1"}],"replies":[{"embeddable":true,"href":"https:\/\/areas.com.py\/index.php?rest_route=%2Fwp%2Fv2%2Fcomments&post=1031"}],"version-history":[{"count":3,"href":"https:\/\/areas.com.py\/index.php?rest_route=\/wp\/v2\/pages\/1031\/revisions"}],"predecessor-version":[{"id":1125,"href":"https:\/\/areas.com.py\/index.php?rest_route=\/wp\/v2\/pages\/1031\/revisions\/1125"}],"wp:attachment":[{"href":"https:\/\/areas.com.py\/index.php?rest_route=%2Fwp%2Fv2%2Fmedia&parent=1031"}],"curies":[{"name":"wp","href":"https:\/\/api.w.org\/{rel}","templated":true}]}}