{"id":1035,"date":"2024-02-04T23:23:46","date_gmt":"2024-02-04T23:23:46","guid":{"rendered":"https:\/\/areas.com.py\/?page_id=1035"},"modified":"2024-02-05T17:18:49","modified_gmt":"2024-02-05T17:18:49","slug":"servicios-gestorias","status":"publish","type":"page","link":"https:\/\/areas.com.py\/?page_id=1035","title":{"rendered":"SERVICIOS DE GESTOR\u00cdAS"},"content":{"rendered":"\n<div data-aos= \"fade-down\" data-aos-duration=\"400\" data-aos-delay=\"0\" data-aos-easing=\"ease\" data-aos-once=\"true\" class=\"wp-block-uagb-image uagb-block-468d7b79 wp-block-uagb-image--layout-default wp-block-uagb-image--effect-slide wp-block-uagb-image--align-none\"><figure class=\"wp-block-uagb-image__figure\"><img decoding=\"async\" srcset=\"https:\/\/areas.com.py\/wp-content\/uploads\/2024\/02\/PARA-WEB-37.jpg ,https:\/\/areas.com.py\/wp-content\/uploads\/2024\/02\/PARA-WEB-37.jpg 780w, https:\/\/areas.com.py\/wp-content\/uploads\/2024\/02\/PARA-WEB-37.jpg 360w\" sizes=\"auto, (max-width: 480px) 150px\" src=\"https:\/\/areas.com.py\/wp-content\/uploads\/2024\/02\/PARA-WEB-37.jpg\" alt=\"\" class=\"uag-image-1143\" width=\"1025\" height=\"504\" title=\"\" loading=\"lazy\"\/><\/figure><\/div>\n\n\n\n<hr class=\"wp-block-separator has-alpha-channel-opacity is-style-dots\" style=\"margin-top:var(--wp--preset--spacing--80);margin-bottom:var(--wp--preset--spacing--80)\"\/>\n\n\n\n<div data-aos= \"zoom-in-left\" data-aos-duration=\"400\" data-aos-delay=\"0\" data-aos-easing=\"ease\" data-aos-once=\"true\" class=\"wp-block-uagb-container uagb-block-d9d09d6b alignfull uagb-is-root-container\"><div class=\"uagb-container-inner-blocks-wrap\">\n<div class=\"wp-block-uagb-container uagb-block-5d81b8cd\">\n<div data-aos= \"slide-left\" data-aos-duration=\"400\" data-aos-delay=\"0\" data-aos-easing=\"ease\" data-aos-once=\"true\" class=\"wp-block-uagb-image uagb-block-c04f3b83 wp-block-uagb-image--layout-overlay wp-block-uagb-image--effect-zoomin wp-block-uagb-image--align-none\"><figure class=\"wp-block-uagb-image__figure\"><img decoding=\"async\" srcset=\"https:\/\/areas.com.py\/wp-content\/uploads\/2024\/02\/PARA-WEB-38.jpg ,https:\/\/areas.com.py\/wp-content\/uploads\/2024\/02\/PARA-WEB-38.jpg 780w, https:\/\/areas.com.py\/wp-content\/uploads\/2024\/02\/PARA-WEB-38.jpg 360w\" sizes=\"auto, (max-width: 480px) 150px\" src=\"https:\/\/areas.com.py\/wp-content\/uploads\/2024\/02\/PARA-WEB-38.jpg\" alt=\"\" class=\"uag-image-1148\" width=\"447\" height=\"447\" title=\"\" loading=\"lazy\"\/><div class=\"wp-block-uagb-image--layout-overlay__color-wrapper\"><\/div><div class=\"wp-block-uagb-image--layout-overlay__inner center-center\"><a class=\"wp-block-uagb-image--layout-overlay-link \" target=\"\" rel=\"noopener\"><\/a><\/div><\/figure><\/div>\n<\/div>\n\n\n\n<div class=\"wp-block-uagb-container uagb-block-742fdfee\">\n<div class=\"wp-block-uagb-info-box uagb-block-4a94ee9e uagb-infobox__content-wrap  uagb-infobox-icon-above-title uagb-infobox-image-valign-top\"><div class=\"uagb-ifb-content\"><div class=\"uagb-ifb-title-wrap\"><h3 class=\"uagb-ifb-title\"><strong>C\u00e9dula de identidad paraguaya<\/strong> <strong>para extranjeros<\/strong><\/h3><\/div><p class=\"uagb-ifb-desc\"><strong>&#8211; Carnet de radicaci\u00f3n temporaria y permanente.<br>&#8211; Certificado de inversionista.<\/strong><\/p><\/div><\/div>\n<\/div>\n<\/div><\/div>\n\n\n\n<hr class=\"wp-block-separator has-alpha-channel-opacity is-style-dots\" style=\"margin-top:var(--wp--preset--spacing--80);margin-bottom:var(--wp--preset--spacing--80)\"\/>\n\n\n\n<div data-aos= \"zoom-out-right\" data-aos-duration=\"400\" data-aos-delay=\"0\" data-aos-easing=\"ease\" data-aos-once=\"true\" class=\"wp-block-uagb-container uagb-block-3fbe5ece alignfull uagb-is-root-container\"><div class=\"uagb-container-inner-blocks-wrap\">\n<div class=\"wp-block-uagb-container uagb-block-6d6567e1\">\n<div class=\"wp-block-uagb-info-box uagb-block-50199147 uagb-infobox__content-wrap  uagb-infobox-icon-above-title uagb-infobox-image-valign-top\"><div class=\"uagb-ifb-content\"><div class=\"uagb-ifb-title-wrap\"><h3 class=\"uagb-ifb-title\"><strong>Apertura de cuentas bancarias y financieras<\/strong><\/h3><\/div><p class=\"uagb-ifb-desc\"><strong>&#8211; Caja de ahorro.<br>&#8211; Cuenta corriente.<\/strong><\/p><\/div><\/div>\n<\/div>\n\n\n\n<div class=\"wp-block-uagb-container uagb-block-cf8af6d7\">\n<div data-aos= \"slide-right\" data-aos-duration=\"400\" data-aos-delay=\"0\" data-aos-easing=\"ease\" data-aos-once=\"true\" class=\"wp-block-uagb-image uagb-block-a1bb12b2 wp-block-uagb-image--layout-overlay wp-block-uagb-image--effect-zoomin wp-block-uagb-image--align-none\"><figure class=\"wp-block-uagb-image__figure\"><img decoding=\"async\" srcset=\"https:\/\/areas.com.py\/wp-content\/uploads\/2024\/02\/PARA-WEB-39.jpg ,https:\/\/areas.com.py\/wp-content\/uploads\/2024\/02\/PARA-WEB-39.jpg 780w, https:\/\/areas.com.py\/wp-content\/uploads\/2024\/02\/PARA-WEB-39.jpg 360w\" sizes=\"auto, (max-width: 480px) 150px\" src=\"https:\/\/areas.com.py\/wp-content\/uploads\/2024\/02\/PARA-WEB-39.jpg\" alt=\"\" class=\"uag-image-1151\" width=\"447\" height=\"447\" title=\"\" loading=\"lazy\"\/><div class=\"wp-block-uagb-image--layout-overlay__color-wrapper\"><\/div><div class=\"wp-block-uagb-image--layout-overlay__inner center-center\"><a class=\"wp-block-uagb-image--layout-overlay-link \" target=\"\" rel=\"noopener\"><\/a><\/div><\/figure><\/div>\n<\/div>\n<\/div><\/div>\n\n\n\n<hr class=\"wp-block-separator has-alpha-channel-opacity is-style-dots\" style=\"margin-top:var(--wp--preset--spacing--80);margin-bottom:var(--wp--preset--spacing--80)\"\/>\n\n\n\n<div data-aos= \"zoom-out-left\" data-aos-duration=\"400\" data-aos-delay=\"0\" data-aos-easing=\"ease\" data-aos-once=\"true\" class=\"wp-block-uagb-container uagb-block-82a44c87 alignfull uagb-is-root-container\"><div class=\"uagb-container-inner-blocks-wrap\">\n<div class=\"wp-block-uagb-container uagb-block-3ae55ad5\">\n<div data-aos= \"slide-left\" data-aos-duration=\"400\" data-aos-delay=\"0\" data-aos-easing=\"ease\" data-aos-once=\"true\" class=\"wp-block-uagb-image uagb-block-5b172c57 wp-block-uagb-image--layout-overlay wp-block-uagb-image--effect-zoomin wp-block-uagb-image--align-none\"><figure class=\"wp-block-uagb-image__figure\"><img decoding=\"async\" srcset=\"https:\/\/areas.com.py\/wp-content\/uploads\/2024\/02\/PARA-WEB-40.jpg ,https:\/\/areas.com.py\/wp-content\/uploads\/2024\/02\/PARA-WEB-40.jpg 780w, https:\/\/areas.com.py\/wp-content\/uploads\/2024\/02\/PARA-WEB-40.jpg 360w\" sizes=\"auto, (max-width: 480px) 150px\" src=\"https:\/\/areas.com.py\/wp-content\/uploads\/2024\/02\/PARA-WEB-40.jpg\" alt=\"\" class=\"uag-image-1155\" width=\"447\" height=\"447\" title=\"\" loading=\"lazy\"\/><div class=\"wp-block-uagb-image--layout-overlay__color-wrapper\"><\/div><div class=\"wp-block-uagb-image--layout-overlay__inner center-center\"><a class=\"wp-block-uagb-image--layout-overlay-link \" target=\"\" rel=\"noopener\"><\/a><\/div><\/figure><\/div>\n<\/div>\n\n\n\n<div class=\"wp-block-uagb-container uagb-block-9df52973\">\n<div class=\"wp-block-uagb-info-box uagb-block-42941d4d uagb-infobox__content-wrap  uagb-infobox-icon-above-title uagb-infobox-image-valign-top\"><div class=\"uagb-ifb-content\"><div class=\"uagb-ifb-title-wrap\"><h3 class=\"uagb-ifb-title\"><strong>Sociedades Paraguayas por Acciones<\/strong><\/h3><\/div><p class=\"uagb-ifb-desc\"><strong>&#8211; Compra de Sociedades.<br>&#8211; Reestructuraci\u00f3n de sociedades.<br>&#8211; Transformaci\u00f3n y modificaci\u00f3n de sociedades.<br>&#8211; Clausura, liquidaci\u00f3n y disoluci\u00f3n de sociedades.<\/strong><\/p><\/div><\/div>\n<\/div>\n<\/div><\/div>\n\n\n\n<hr class=\"wp-block-separator has-alpha-channel-opacity is-style-dots\" style=\"margin-top:var(--wp--preset--spacing--80);margin-bottom:var(--wp--preset--spacing--80)\"\/>\n\n\n\n<div data-aos= \"zoom-out-right\" data-aos-duration=\"400\" data-aos-delay=\"0\" data-aos-easing=\"ease\" data-aos-once=\"true\" class=\"wp-block-uagb-container uagb-block-d4c6f55d alignfull uagb-is-root-container\"><div class=\"uagb-container-inner-blocks-wrap\">\n<div class=\"wp-block-uagb-container uagb-block-ab7c02bc\">\n<div class=\"wp-block-uagb-info-box uagb-block-56d54a58 uagb-infobox__content-wrap  uagb-infobox-icon-above-title uagb-infobox-image-valign-top\"><div class=\"uagb-ifb-content\"><div class=\"uagb-ifb-title-wrap\"><h3 class=\"uagb-ifb-title\"><strong><strong>Otras Gestor\u00edas<\/strong><\/strong><\/h3><\/div><p class=\"uagb-ifb-desc\"><strong>&#8211; IPS<br>&#8211; MTESS<br>&#8211; MUNICIPALIDAD<br>&#8211; REGISTRO P\u00daBLICO<br>&#8211; OTROS<\/strong><\/p><\/div><\/div>\n<\/div>\n\n\n\n<div class=\"wp-block-uagb-container uagb-block-1afcecf1\">\n<div data-aos= \"slide-right\" data-aos-duration=\"400\" data-aos-delay=\"0\" data-aos-easing=\"ease\" data-aos-once=\"true\" class=\"wp-block-uagb-image uagb-block-fe756fc7 wp-block-uagb-image--layout-overlay wp-block-uagb-image--effect-zoomin wp-block-uagb-image--align-none\"><figure class=\"wp-block-uagb-image__figure\"><img decoding=\"async\" srcset=\"https:\/\/areas.com.py\/wp-content\/uploads\/2024\/02\/PARA-WEB-41.jpg ,https:\/\/areas.com.py\/wp-content\/uploads\/2024\/02\/PARA-WEB-41.jpg 780w, https:\/\/areas.com.py\/wp-content\/uploads\/2024\/02\/PARA-WEB-41.jpg 360w\" sizes=\"auto, (max-width: 480px) 150px\" src=\"https:\/\/areas.com.py\/wp-content\/uploads\/2024\/02\/PARA-WEB-41.jpg\" alt=\"\" class=\"uag-image-1157\" width=\"447\" height=\"447\" title=\"\" loading=\"lazy\"\/><div class=\"wp-block-uagb-image--layout-overlay__color-wrapper\"><\/div><div class=\"wp-block-uagb-image--layout-overlay__inner center-center\"><a class=\"wp-block-uagb-image--layout-overlay-link \" target=\"\" rel=\"noopener\"><\/a><\/div><\/figure><\/div>\n<\/div>\n<\/div><\/div>\n","protected":false},"excerpt":{"rendered":"","protected":false},"author":1,"featured_media":0,"parent":0,"menu_order":0,"comment_status":"closed","ping_status":"closed","template":"","meta":{"_uag_custom_page_level_css":"","site-sidebar-layout":"default","site-content-layout":"","ast-site-content-layout":"default","site-content-style":"default","site-sidebar-style":"default","ast-global-header-display":"","ast-banner-title-visibility":"","ast-main-header-display":"","ast-hfb-above-header-display":"","ast-hfb-below-header-display":"","ast-hfb-mobile-header-display":"","site-post-title":"disabled","ast-breadcrumbs-content":"","ast-featured-img":"","footer-sml-layout":"","theme-transparent-header-meta":"","adv-header-id-meta":"","stick-header-meta":"","header-above-stick-meta":"","header-main-stick-meta":"","header-below-stick-meta":"","astra-migrate-meta-layouts":"default","ast-page-background-enabled":"default","ast-page-background-meta":{"desktop":{"background-color":"var(--ast-global-color-4)","background-image":"","background-repeat":"repeat","background-position":"center center","background-size":"auto","background-attachment":"scroll","background-type":"","background-media":"","overlay-type":"","overlay-color":"","overlay-opacity":"","overlay-gradient":""},"tablet":{"background-color":"","background-image":"","background-repeat":"repeat","background-position":"center center","background-size":"auto","background-attachment":"scroll","background-type":"","background-media":"","overlay-type":"","overlay-color":"","overlay-opacity":"","overlay-gradient":""},"mobile":{"background-color":"","background-image":"","background-repeat":"repeat","background-position":"center center","background-size":"auto","background-attachment":"scroll","background-type":"","background-media":"","overlay-type":"","overlay-color":"","overlay-opacity":"","overlay-gradient":""}},"ast-content-background-meta":{"desktop":{"background-color":"var(--ast-global-color-5)","background-image":"","background-repeat":"repeat","background-position":"center center","background-size":"auto","background-attachment":"scroll","background-type":"","background-media":"","overlay-type":"","overlay-color":"","overlay-opacity":"","overlay-gradient":""},"tablet":{"background-color":"var(--ast-global-color-5)","background-image":"","background-repeat":"repeat","background-position":"center center","background-size":"auto","background-attachment":"scroll","background-type":"","background-media":"","overlay-type":"","overlay-color":"","overlay-opacity":"","overlay-gradient":""},"mobile":{"background-color":"var(--ast-global-color-5)","background-image":"","background-repeat":"repeat","background-position":"center center","background-size":"auto","background-attachment":"scroll","background-type":"","background-media":"","overlay-type":"","overlay-color":"","overlay-opacity":"","overlay-gradient":""}},"footnotes":""},"class_list":["post-1035","page","type-page","status-publish","hentry"],"uagb_featured_image_src":{"full":false,"thumbnail":false,"medium":false,"medium_large":false,"large":false,"1536x1536":false,"2048x2048":false},"uagb_author_info":{"display_name":"admin","author_link":"https:\/\/areas.com.py\/?author=1"},"uagb_comment_info":0,"uagb_excerpt":null,"_links":{"self":[{"href":"https:\/\/areas.com.py\/index.php?rest_route=\/wp\/v2\/pages\/1035","targetHints":{"allow":["GET"]}}],"collection":[{"href":"https:\/\/areas.com.py\/index.php?rest_route=\/wp\/v2\/pages"}],"about":[{"href":"https:\/\/areas.com.py\/index.php?rest_route=\/wp\/v2\/types\/page"}],"author":[{"embeddable":true,"href":"https:\/\/areas.com.py\/index.php?rest_route=\/wp\/v2\/users\/1"}],"replies":[{"embeddable":true,"href":"https:\/\/areas.com.py\/index.php?rest_route=%2Fwp%2Fv2%2Fcomments&post=1035"}],"version-history":[{"count":11,"href":"https:\/\/areas.com.py\/index.php?rest_route=\/wp\/v2\/pages\/1035\/revisions"}],"predecessor-version":[{"id":1158,"href":"https:\/\/areas.com.py\/index.php?rest_route=\/wp\/v2\/pages\/1035\/revisions\/1158"}],"wp:attachment":[{"href":"https:\/\/areas.com.py\/index.php?rest_route=%2Fwp%2Fv2%2Fmedia&parent=1035"}],"curies":[{"name":"wp","href":"https:\/\/api.w.org\/{rel}","templated":true}]}}