{"id":107,"date":"2022-10-17T07:27:30","date_gmt":"2022-10-17T07:27:30","guid":{"rendered":"https:\/\/areas.com.py\/?page_id=107"},"modified":"2024-02-04T23:16:29","modified_gmt":"2024-02-04T23:16:29","slug":"about","status":"publish","type":"page","link":"https:\/\/areas.com.py\/?page_id=107","title":{"rendered":"Quienes Somos"},"content":{"rendered":"\n<div data-aos= \"flip-down\" data-aos-duration=\"400\" data-aos-delay=\"0\" data-aos-easing=\"ease\" data-aos-once=\"true\" class=\"wp-block-uagb-image uagb-block-6a445140 wp-block-uagb-image--layout-default wp-block-uagb-image--effect-static wp-block-uagb-image--align-none\"><figure class=\"wp-block-uagb-image__figure\"><img decoding=\"async\" srcset=\"https:\/\/areas.com.py\/wp-content\/uploads\/2024\/01\/PARA-WEB.jpg ,https:\/\/areas.com.py\/wp-content\/uploads\/2024\/01\/PARA-WEB.jpg 780w, https:\/\/areas.com.py\/wp-content\/uploads\/2024\/01\/PARA-WEB.jpg 360w\" sizes=\"auto, (max-width: 480px) 150px\" src=\"https:\/\/areas.com.py\/wp-content\/uploads\/2024\/01\/PARA-WEB.jpg\" alt=\"\" class=\"uag-image-948\" width=\"1200\" height=\"375\" title=\"\" loading=\"lazy\"\/><\/figure><\/div>\n\n\n\n<hr class=\"wp-block-separator has-alpha-channel-opacity\" style=\"margin-top:var(--wp--preset--spacing--80);margin-bottom:var(--wp--preset--spacing--80)\"\/>\n\n\n\n<h2 class=\"wp-block-heading alignwide\" id=\"we-re-a-studio-in-berlin-with-an-international-practice-in-architecture-urban-planning-and-interior-design-we-believe-in-sharing-knowledge-and-promoting-dialogue-to-increase-the-creative-potential-of-collaboration\" style=\"font-size:30px;line-height:1.1\">Somos una consultora de profesionales especializadas en brindar soluciones integrales y personalizadas en el \u00e1rea Contable-Impositivo, Asesoramiento Financiero y Societario, Asistencia y Gesti\u00f3n de RRHH, Auditor\u00eda laboral, Auditoria externa impositiva, Auditoria interna, Asesoramiento Financiero, Gestor\u00edas entre otros.<\/h2>\n\n\n\n<h2 class=\"wp-block-heading alignwide has-text-align-left\" id=\"we-re-a-studio-in-berlin-with-an-international-practice-in-architecture-urban-planning-and-interior-design-we-believe-in-sharing-knowledge-and-promoting-dialogue-to-increase-the-creative-potential-of-collaboration\" style=\"font-size:30px;line-height:1.1\">Nuestro equipo est\u00e1 conformado por un grupo de expertos altamente calificados y apasionados por su trabajo. Los socios cuentan con mas de 20 a\u00f1os de experiencia en el sector.<\/h2>\n\n\n\n<hr class=\"wp-block-separator has-css-opacity is-style-default\" style=\"margin-top:var(--wp--preset--spacing--80);margin-bottom:var(--wp--preset--spacing--80)\"\/>\n\n\n\n<div data-aos= \"zoom-in\" data-aos-duration=\"400\" data-aos-delay=\"0\" data-aos-easing=\"ease\" data-aos-once=\"true\" class=\"wp-block-uagb-image uagb-block-953bb39e wp-block-uagb-image--layout-default wp-block-uagb-image--effect-static wp-block-uagb-image--align-none\"><figure class=\"wp-block-uagb-image__figure\"><img decoding=\"async\" srcset=\"https:\/\/areas.com.py\/wp-content\/uploads\/2024\/01\/PARA-WEB-1.jpg ,https:\/\/areas.com.py\/wp-content\/uploads\/2024\/01\/PARA-WEB-1.jpg 780w, https:\/\/areas.com.py\/wp-content\/uploads\/2024\/01\/PARA-WEB-1.jpg 360w\" sizes=\"auto, (max-width: 480px) 150px\" src=\"https:\/\/areas.com.py\/wp-content\/uploads\/2024\/01\/PARA-WEB-1.jpg\" alt=\"\" class=\"uag-image-952\" width=\"1200\" height=\"244\" title=\"\" loading=\"lazy\"\/><\/figure><\/div>\n\n\n\n<blockquote class=\"wp-block-quote has-text-align-left is-style-large is-layout-flow wp-block-quote-is-layout-flow\" style=\"font-size:30px;font-style:normal;font-weight:400;line-height:1.4\">\n<p><\/p>\n<cite><br>Acompa\u00f1ar al cliente y proporcionar soluciones pr\u00e1cticas y r\u00e1pidas basadas en nuestra experiencia y conocimiento.<\/cite><\/blockquote>\n\n\n\n<hr class=\"wp-block-separator has-css-opacity is-style-default\" style=\"margin-top:var(--wp--preset--spacing--80);margin-bottom:var(--wp--preset--spacing--80)\"\/>\n\n\n\n<div data-aos= \"zoom-in\" data-aos-duration=\"400\" data-aos-delay=\"0\" data-aos-easing=\"ease\" data-aos-once=\"true\" class=\"wp-block-uagb-image uagb-block-fe59670b wp-block-uagb-image--layout-default wp-block-uagb-image--effect-static wp-block-uagb-image--align-none\"><figure class=\"wp-block-uagb-image__figure\"><img decoding=\"async\" srcset=\"https:\/\/areas.com.py\/wp-content\/uploads\/2024\/01\/PARA-WEB-2.jpg ,https:\/\/areas.com.py\/wp-content\/uploads\/2024\/01\/PARA-WEB-2.jpg 780w, https:\/\/areas.com.py\/wp-content\/uploads\/2024\/01\/PARA-WEB-2.jpg 360w\" sizes=\"auto, (max-width: 480px) 150px\" src=\"https:\/\/areas.com.py\/wp-content\/uploads\/2024\/01\/PARA-WEB-2.jpg\" alt=\"\" class=\"uag-image-954\" width=\"1200\" height=\"250\" title=\"\" loading=\"lazy\"\/><\/figure><\/div>\n\n\n\n<blockquote class=\"wp-block-quote is-style-large is-layout-flow wp-block-quote-is-layout-flow\" style=\"font-size:30px;line-height:1.4\">\n<p class=\"has-text-align-center\" style=\"font-size:50px\"><\/p>\n<cite>Ser reconocidos como la consultora de preferencia para profesionales y empresas en busca de asesoramiento y soluciones estrat\u00e9gicas. Buscamos establecer relaciones a largo plazo con nuestros clientes, basadas en la confianza, la colaboraci\u00f3n y la entrega de resultados diligentes.<\/cite><\/blockquote>\n\n\n\n<hr class=\"wp-block-separator has-css-opacity is-style-default\"\/>\n","protected":false},"excerpt":{"rendered":"<p>Somos una consultora de profesionales especializadas en brindar soluciones integrales y personalizadas en el \u00e1rea Contable-Impositivo, Asesoramiento Financiero y Societario, Asistencia y Gesti\u00f3n de RRHH, Auditor\u00eda laboral, Auditoria externa impositiva, Auditoria interna, Asesoramiento Financiero, Gestor\u00edas entre otros. Nuestro equipo est\u00e1 conformado por un grupo de expertos altamente calificados y apasionados por su trabajo. Los socios [&hellip;]<\/p>\n","protected":false},"author":1,"featured_media":0,"parent":0,"menu_order":0,"comment_status":"closed","ping_status":"closed","template":"","meta":{"_uag_custom_page_level_css":"","site-sidebar-layout":"default","site-content-layout":"","ast-site-content-layout":"default","site-content-style":"default","site-sidebar-style":"default","ast-global-header-display":"","ast-banner-title-visibility":"","ast-main-header-display":"","ast-hfb-above-header-display":"","ast-hfb-below-header-display":"","ast-hfb-mobile-header-display":"","site-post-title":"disabled","ast-breadcrumbs-content":"","ast-featured-img":"","footer-sml-layout":"","theme-transparent-header-meta":"enabled","adv-header-id-meta":"","stick-header-meta":"","header-above-stick-meta":"","header-main-stick-meta":"","header-below-stick-meta":"","astra-migrate-meta-layouts":"default","ast-page-background-enabled":"default","ast-page-background-meta":{"desktop":{"background-color":"var(--ast-global-color-4)","background-image":"","background-repeat":"repeat","background-position":"center center","background-size":"auto","background-attachment":"scroll","background-type":"","background-media":"","overlay-type":"","overlay-color":"","overlay-opacity":"","overlay-gradient":""},"tablet":{"background-color":"","background-image":"","background-repeat":"repeat","background-position":"center center","background-size":"auto","background-attachment":"scroll","background-type":"","background-media":"","overlay-type":"","overlay-color":"","overlay-opacity":"","overlay-gradient":""},"mobile":{"background-color":"","background-image":"","background-repeat":"repeat","background-position":"center center","background-size":"auto","background-attachment":"scroll","background-type":"","background-media":"","overlay-type":"","overlay-color":"","overlay-opacity":"","overlay-gradient":""}},"ast-content-background-meta":{"desktop":{"background-color":"var(--ast-global-color-5)","background-image":"","background-repeat":"repeat","background-position":"center center","background-size":"auto","background-attachment":"scroll","background-type":"","background-media":"","overlay-type":"","overlay-color":"","overlay-opacity":"","overlay-gradient":""},"tablet":{"background-color":"var(--ast-global-color-5)","background-image":"","background-repeat":"repeat","background-position":"center center","background-size":"auto","background-attachment":"scroll","background-type":"","background-media":"","overlay-type":"","overlay-color":"","overlay-opacity":"","overlay-gradient":""},"mobile":{"background-color":"var(--ast-global-color-5)","background-image":"","background-repeat":"repeat","background-position":"center center","background-size":"auto","background-attachment":"scroll","background-type":"","background-media":"","overlay-type":"","overlay-color":"","overlay-opacity":"","overlay-gradient":""}},"footnotes":""},"class_list":["post-107","page","type-page","status-publish","hentry"],"uagb_featured_image_src":{"full":false,"thumbnail":false,"medium":false,"medium_large":false,"large":false,"1536x1536":false,"2048x2048":false},"uagb_author_info":{"display_name":"admin","author_link":"https:\/\/areas.com.py\/?author=1"},"uagb_comment_info":0,"uagb_excerpt":"Somos una consultora de profesionales especializadas en brindar soluciones integrales y personalizadas en el \u00e1rea Contable-Impositivo, Asesoramiento Financiero y Societario, Asistencia y Gesti\u00f3n de RRHH, Auditor\u00eda laboral, Auditoria externa impositiva, Auditoria interna, Asesoramiento Financiero, Gestor\u00edas entre otros. Nuestro equipo est\u00e1 conformado por un grupo de expertos altamente calificados y apasionados por su trabajo. Los socios&hellip;","_links":{"self":[{"href":"https:\/\/areas.com.py\/index.php?rest_route=\/wp\/v2\/pages\/107","targetHints":{"allow":["GET"]}}],"collection":[{"href":"https:\/\/areas.com.py\/index.php?rest_route=\/wp\/v2\/pages"}],"about":[{"href":"https:\/\/areas.com.py\/index.php?rest_route=\/wp\/v2\/types\/page"}],"author":[{"embeddable":true,"href":"https:\/\/areas.com.py\/index.php?rest_route=\/wp\/v2\/users\/1"}],"replies":[{"embeddable":true,"href":"https:\/\/areas.com.py\/index.php?rest_route=%2Fwp%2Fv2%2Fcomments&post=107"}],"version-history":[{"count":11,"href":"https:\/\/areas.com.py\/index.php?rest_route=\/wp\/v2\/pages\/107\/revisions"}],"predecessor-version":[{"id":1022,"href":"https:\/\/areas.com.py\/index.php?rest_route=\/wp\/v2\/pages\/107\/revisions\/1022"}],"wp:attachment":[{"href":"https:\/\/areas.com.py\/index.php?rest_route=%2Fwp%2Fv2%2Fmedia&parent=107"}],"curies":[{"name":"wp","href":"https:\/\/api.w.org\/{rel}","templated":true}]}}