{"id":78,"date":"2022-10-17T07:03:13","date_gmt":"2022-10-17T07:03:13","guid":{"rendered":"https:\/\/areas.com.py\/?page_id=78"},"modified":"2024-02-07T17:19:35","modified_gmt":"2024-02-07T17:19:35","slug":"inicio","status":"publish","type":"page","link":"https:\/\/areas.com.py\/","title":{"rendered":"Inicio"},"content":{"rendered":"\n<div class=\"wp-block-uagb-container uagb-block-6e177c79 alignfull uagb-is-root-container\">\n<div data-aos= \"fade-down\" data-aos-duration=\"400\" data-aos-delay=\"0\" data-aos-easing=\"ease\" data-aos-once=\"true\" class=\"wp-block-uagb-advanced-heading uagb-block-cc92bc42\"><h1 class=\"uagb-heading-text\">\u200bAREAS<\/h1><\/div>\n\n\n\n<div data-aos= \"fade-down\" data-aos-duration=\"400\" data-aos-delay=\"0\" data-aos-easing=\"ease\" data-aos-once=\"true\" class=\"wp-block-uagb-info-box uagb-block-5b09ad0a uagb-infobox__content-wrap  uagb-infobox-icon-above-title uagb-infobox-image-valign-top\"><div class=\"uagb-ifb-content\"><div class=\"uagb-ifb-title-wrap\"><h2 class=\"uagb-ifb-title\">AUDITORIA &#8211; RRHH<br>FINANZAS &#8211; CONTABILIDAD<br>GESTOR\u00cdA<\/h2><\/div><\/div><\/div>\n<\/div>\n\n\n\n<hr class=\"wp-block-separator has-alpha-channel-opacity is-style-dots\" style=\"margin-top:var(--wp--preset--spacing--70);margin-bottom:var(--wp--preset--spacing--70)\"\/>\n\n\n\n<div class=\"wp-block-uagb-container uagb-block-0d1d13ab alignfull uagb-is-root-container\"><div class=\"uagb-container-inner-blocks-wrap\">\n<div class=\"wp-block-uagb-container uagb-block-0ffc72c0\">\n<div data-aos= \"fade-down\" data-aos-duration=\"400\" data-aos-delay=\"0\" data-aos-easing=\"ease\" data-aos-once=\"true\" class=\"wp-block-uagb-info-box uagb-block-930a1e8a uagb-infobox__content-wrap  uagb-infobox-icon-above-title uagb-infobox-image-valign-top\"><div class=\"uagb-ifb-content\"><div class=\"uagb-ifb-image-content\"><img decoding=\"async\" src=\"https:\/\/areas.com.py\/wp-content\/uploads\/2023\/07\/37531252-business-wallpaper-1.jpg\" alt=\"\" width=\"100\" height=\"122\" loading=\"lazy\"\/><\/div><div class=\"uagb-ifb-title-wrap\"><h4 class=\"uagb-ifb-title\">QUIENES SOMOS<\/h4><\/div><div class=\"uagb-ifb-button-wrapper wp-block-button\"><a href=\"https:\/\/areas.com.py\/?page_id=107\" class=\"uagb-infobox-cta-link wp-block-button__link\" target=\"_blank\" rel=\"noopener noreferrer\" onclick=\"return true;\" alt=\"\"><span class=\"uagb-inline-editing\">EXPLORAR<\/span><\/a><\/div><\/div><\/div>\n<\/div>\n\n\n\n<div class=\"wp-block-uagb-container uagb-block-0e493992\">\n<div data-aos= \"fade-down\" data-aos-duration=\"400\" data-aos-delay=\"0\" data-aos-easing=\"ease\" data-aos-once=\"true\" class=\"wp-block-uagb-info-box uagb-block-7a649340 uagb-infobox__content-wrap  uagb-infobox-icon-above-title uagb-infobox-image-valign-top\"><div class=\"uagb-ifb-content\"><div class=\"uagb-ifb-image-content\"><img decoding=\"async\" src=\"https:\/\/areas.com.py\/wp-content\/uploads\/2023\/07\/desktop-wallpaper-best-5-business-consulting-backgrounds-on-hip-consulting-1.jpg\" alt=\"\" width=\"100\" height=\"122\" loading=\"lazy\"\/><\/div><div class=\"uagb-ifb-title-wrap\"><h4 class=\"uagb-ifb-title\">SERVICIOS<\/h4><\/div><div class=\"uagb-ifb-button-wrapper wp-block-button\"><a href=\"https:\/\/areas.com.py\/?page_id=77\" class=\"uagb-infobox-cta-link wp-block-button__link\" target=\"_self\" rel=\"noopener noreferrer\" onclick=\"return true;\" alt=\"\"><span class=\"uagb-inline-editing\">EXPLORAR<\/span><\/a><\/div><\/div><\/div>\n<\/div>\n\n\n\n<div class=\"wp-block-uagb-container uagb-block-bf6dd063\">\n<div data-aos= \"fade-down\" data-aos-duration=\"400\" data-aos-delay=\"0\" data-aos-easing=\"ease\" data-aos-once=\"true\" class=\"wp-block-uagb-info-box uagb-block-56a8af4e uagb-infobox__content-wrap  uagb-infobox-icon-above-title uagb-infobox-image-valign-top\"><div class=\"uagb-ifb-content\"><div class=\"uagb-ifb-image-content\"><img decoding=\"async\" src=\"https:\/\/areas.com.py\/wp-content\/uploads\/2023\/07\/IUDGSI.jpg\" alt=\"\" width=\"100\" height=\"122\" loading=\"lazy\"\/><\/div><div class=\"uagb-ifb-title-wrap\"><h4 class=\"uagb-ifb-title\">CONTACTOS<\/h4><\/div><div class=\"uagb-ifb-button-wrapper wp-block-button\"><a href=\"https:\/\/areas.com.py\/?page_id=100\" class=\"uagb-infobox-cta-link wp-block-button__link\" target=\"_self\" rel=\"noopener noreferrer\" onclick=\"return true;\" alt=\"\"><span class=\"uagb-inline-editing\">ESCRIBENOS<\/span><\/a><\/div><\/div><\/div>\n<\/div>\n<\/div><\/div>\n\n\n\n<hr class=\"wp-block-separator has-alpha-channel-opacity is-style-dots\" style=\"margin-top:var(--wp--preset--spacing--70);margin-bottom:var(--wp--preset--spacing--70)\"\/>\n\n\n\n<div data-aos= \"flip-up\" data-aos-duration=\"400\" data-aos-delay=\"0\" data-aos-easing=\"ease\" data-aos-once=\"true\" class=\"wp-block-uagb-image uagb-block-148e245f wp-block-uagb-image--layout-default wp-block-uagb-image--effect-zoomin wp-block-uagb-image--align-none\"><figure class=\"wp-block-uagb-image__figure\"><img decoding=\"async\" srcset=\"https:\/\/areas.com.py\/wp-content\/uploads\/2024\/02\/PARA-WEB-45.jpg ,https:\/\/areas.com.py\/wp-content\/uploads\/2024\/02\/PARA-WEB-45.jpg 780w, https:\/\/areas.com.py\/wp-content\/uploads\/2024\/02\/PARA-WEB-45.jpg 360w\" sizes=\"auto, (max-width: 480px) 150px\" src=\"https:\/\/areas.com.py\/wp-content\/uploads\/2024\/02\/PARA-WEB-45.jpg\" alt=\"\" class=\"uag-image-1168\" width=\"1200\" height=\"250\" title=\"\" loading=\"lazy\"\/><\/figure><\/div>\n\n\n\n<hr class=\"wp-block-separator has-alpha-channel-opacity is-style-dots\" style=\"margin-top:var(--wp--preset--spacing--70);margin-bottom:var(--wp--preset--spacing--70)\"\/>\n\n\n\n<div class=\"wp-block-uagb-container uagb-block-160cad71 alignfull uagb-is-root-container\"><div class=\"uagb-container-inner-blocks-wrap\">\n<div class=\"wp-block-uagb-container uagb-block-df5ed55f\">\n<div data-aos= \"flip-left\" data-aos-duration=\"400\" data-aos-delay=\"0\" data-aos-easing=\"ease\" data-aos-once=\"true\" class=\"wp-block-uagb-image alignwide uagb-block-bdff22d7 wp-block-uagb-image--layout-default wp-block-uagb-image--effect-zoomin wp-block-uagb-image--align-wide\"><figure class=\"wp-block-uagb-image__figure\"><img decoding=\"async\" srcset=\"https:\/\/areas.com.py\/wp-content\/uploads\/2024\/02\/PARA-WEB-49.png ,https:\/\/areas.com.py\/wp-content\/uploads\/2024\/02\/PARA-WEB-49.png 780w, https:\/\/areas.com.py\/wp-content\/uploads\/2024\/02\/PARA-WEB-49.png 360w\" sizes=\"auto, (max-width: 480px) 150px\" src=\"https:\/\/areas.com.py\/wp-content\/uploads\/2024\/02\/PARA-WEB-49.png\" alt=\"\" class=\"uag-image-1177\" width=\"1000\" height=\"1000\" title=\"\" loading=\"lazy\"\/><\/figure><\/div>\n<\/div>\n\n\n\n<div class=\"wp-block-uagb-container uagb-block-f42091b0\">\n<div data-aos= \"slide-left\" data-aos-duration=\"400\" data-aos-delay=\"0\" data-aos-easing=\"ease\" data-aos-once=\"true\" class=\"wp-block-uagb-info-box uagb-block-c94652ba uagb-infobox__content-wrap  uagb-infobox-icon-above-title uagb-infobox-image-valign-top\"><div class=\"uagb-ifb-content\"><div class=\"uagb-ifb-title-wrap\"><h3 class=\"uagb-ifb-title\"><strong>C.P. Cynthia Rodr\u00edguez<\/strong><br><br><strong>PERFIL:<\/strong><\/h3><\/div><p class=\"uagb-ifb-desc\"><strong>M\u00e1s de 25 a\u00f1os de experiencia en contabilidad, impuestos y finanzas, as\u00ed como un profundo conocimiento de los principios contables y financieros. Es capaz de analizar y evaluar los estados financieros de las &nbsp;empresas, identificar \u00e1reas de mejora y proponer soluciones. L\u00edder de grupos de trabajo contable con capacidad anal\u00edtica. Amplios conocimientos de la legislaci\u00f3n impositiva.<br>Auditora registrada en la SET y SEPRELAD, con 20 a\u00f1os de experiencia en auditorias de grandes empresas comerciales, exportadoras, industriales, inmobiliarias, recupero de cr\u00e9ditos fiscales.<br>Asesoramiento a empresas en car\u00e1cter societario, impositivo, financiero.<br>Experiencia en empresas comerciales, industriales, exportadoras, inmobiliaria, exportadoras r\u00e9gimen maquila, importadoras comerciales, importadoras de veh\u00edculos, importadoras r\u00e9gimen de turismo. Ganaderas, empresas de RRHH, multinacionales.<\/strong><br><strong><br>ESPECIALIZACI\u00d3N:<br>Contadora P\u00fablica, Diplomado en Derecho Societario, Diplomado en Prevenci\u00f3n de Lavado de Dinero, Maestr\u00eda en Auditor\u00eda.<\/strong><br><\/p><\/div><\/div>\n<\/div>\n<\/div><\/div>\n\n\n\n<hr class=\"wp-block-separator has-alpha-channel-opacity is-style-dots\" style=\"margin-top:var(--wp--preset--spacing--80);margin-bottom:var(--wp--preset--spacing--80)\"\/>\n\n\n\n<div class=\"wp-block-uagb-container uagb-block-5b7bc0f7 alignfull uagb-is-root-container\"><div class=\"uagb-container-inner-blocks-wrap\">\n<div class=\"wp-block-uagb-container uagb-block-13ba3104\">\n<div data-aos= \"slide-right\" data-aos-duration=\"400\" data-aos-delay=\"0\" data-aos-easing=\"ease\" data-aos-once=\"true\" class=\"wp-block-uagb-info-box uagb-block-7add9dd6 uagb-infobox__content-wrap  uagb-infobox-icon-above-title uagb-infobox-image-valign-top\"><div class=\"uagb-ifb-content\"><div class=\"uagb-ifb-title-wrap\"><h3 class=\"uagb-ifb-title\">C.P. Maura Aguilar<br><br>PERFIL:<\/h3><\/div><p class=\"uagb-ifb-desc\"><strong>M\u00e1s de 18 a\u00f1os de Experiencia en Administraci\u00f3n de RRHH, Seguridad Social, asistencia laboral a varias empresas, gesti\u00f3n de procesos ISO 9001 , an\u00e1lisis de procesos implementaci\u00f3n, seguimiento y auditor\u00eda, coordinaci\u00f3n de calidad,&nbsp; administraci\u00f3n general\/ contable.<br>Asistencia personalizada en RRHH a varias Empresas: Copel S.A., Fundaci\u00f3n Asoleu, Uniflex S.A., Casio Center, San Jos\u00e9 Import Export S.A., C\u00e1mara Paraguaya de la Industria de la Construcci\u00f3n (CAPACO), Maral Turismo S.R.L., Fundaci\u00f3n G\u00e9nesis, Waben S.A. (Hotel Cecilia y Restaurante la preferida) entre varios otros.<br><br>ESPECIALIZACI\u00d3N:<br>Contadora P\u00fablica, Diplomado en Legislaci\u00f3n y Pr\u00e1ctica Laboral, Especializaci\u00f3n en Gesti\u00f3n de Calidad, Maestr\u00eda en Administraci\u00f3n y Gesti\u00f3n de Empresas<\/strong><\/p><\/div><\/div>\n<\/div>\n\n\n\n<div class=\"wp-block-uagb-container uagb-block-243cb783\">\n<div data-aos= \"flip-right\" data-aos-duration=\"400\" data-aos-delay=\"0\" data-aos-easing=\"ease\" data-aos-once=\"true\" class=\"wp-block-uagb-image uagb-block-88658a4b wp-block-uagb-image--layout-default wp-block-uagb-image--effect-zoomin wp-block-uagb-image--align-none\"><figure class=\"wp-block-uagb-image__figure\"><img decoding=\"async\" srcset=\"https:\/\/areas.com.py\/wp-content\/uploads\/2024\/02\/PARA-WEB-47.png ,https:\/\/areas.com.py\/wp-content\/uploads\/2024\/02\/PARA-WEB-47.png 780w, https:\/\/areas.com.py\/wp-content\/uploads\/2024\/02\/PARA-WEB-47.png 360w\" sizes=\"auto, (max-width: 480px) 150px\" src=\"https:\/\/areas.com.py\/wp-content\/uploads\/2024\/02\/PARA-WEB-47.png\" alt=\"\" class=\"uag-image-1179\" width=\"1000\" height=\"1000\" title=\"\" loading=\"lazy\"\/><\/figure><\/div>\n<\/div>\n<\/div><\/div>\n\n\n\n<hr class=\"wp-block-separator has-alpha-channel-opacity is-style-dots\" style=\"margin-top:var(--wp--preset--spacing--80);margin-bottom:var(--wp--preset--spacing--80)\"\/>\n\n\n\n<div class=\"wp-block-uagb-container uagb-block-93da15c3 alignfull uagb-is-root-container\"><div class=\"uagb-container-inner-blocks-wrap\">\n<div class=\"wp-block-uagb-container uagb-block-489c1859\">\n<div data-aos= \"flip-left\" data-aos-duration=\"400\" data-aos-delay=\"0\" data-aos-easing=\"ease\" data-aos-once=\"true\" class=\"wp-block-uagb-image alignwide uagb-block-922c00cd wp-block-uagb-image--layout-default wp-block-uagb-image--effect-zoomin wp-block-uagb-image--align-wide\"><figure class=\"wp-block-uagb-image__figure\"><img decoding=\"async\" srcset=\"https:\/\/areas.com.py\/wp-content\/uploads\/2024\/02\/PARA-WEB-48.png ,https:\/\/areas.com.py\/wp-content\/uploads\/2024\/02\/PARA-WEB-48.png 780w, https:\/\/areas.com.py\/wp-content\/uploads\/2024\/02\/PARA-WEB-48.png 360w\" sizes=\"auto, (max-width: 480px) 150px\" src=\"https:\/\/areas.com.py\/wp-content\/uploads\/2024\/02\/PARA-WEB-48.png\" alt=\"\" class=\"uag-image-1180\" width=\"1000\" height=\"1000\" title=\"\" loading=\"lazy\"\/><\/figure><\/div>\n<\/div>\n\n\n\n<div class=\"wp-block-uagb-container uagb-block-5455ede4\">\n<div data-aos= \"slide-left\" data-aos-duration=\"400\" data-aos-delay=\"0\" data-aos-easing=\"ease\" data-aos-once=\"true\" class=\"wp-block-uagb-info-box uagb-block-9932e42f uagb-infobox__content-wrap  uagb-infobox-icon-above-title uagb-infobox-image-valign-top\"><div class=\"uagb-ifb-content\"><div class=\"uagb-ifb-title-wrap\"><h3 class=\"uagb-ifb-title\"><strong>Lic. Celso Ca\u00f1iza Paredes<\/strong><br><br><strong>PERFIL:<\/strong><\/h3><\/div><p class=\"uagb-ifb-desc\"><strong>Gran trayectoria como docente y expositor con m\u00e1s de 30 a\u00f1os de experiencia a nivel nacional e internacional.<br>Hace 10 a\u00f1os se encuentra desarrollando trabajos de Family Office para la Gesti\u00f3n Patrimonial en la estructuraci\u00f3n de empresas de numerosas familias, con sorprendentes resultados.<br>Emprendedor a nivel familiar de m\u00faltiples empresas del rubro de entretenimiento, turismo e inmobiliario.<br>Miembro de Directorio, S\u00edndico Titular en empresas nacionales e internacionales por su conocimiento de Gobierno Corporativo.<\/strong><br><br><strong>ESPECIALIZACI\u00d3N:<br>Licenciado en contabilidad, maestr\u00eda en administraci\u00f3n P\u00fablica, Especialista en Tributaci\u00f3n, Diplomado en Gesti\u00f3n Estrat\u00e9gica de la alta Direcci\u00f3n, Doctorado en derecho econ\u00f3mico, Perito contador de la corte suprema de justicia.<\/strong><br><\/p><\/div><\/div>\n<\/div>\n<\/div><\/div>\n","protected":false},"excerpt":{"rendered":"<p>\u200bAREAS<\/p>\n","protected":false},"author":1,"featured_media":0,"parent":0,"menu_order":0,"comment_status":"closed","ping_status":"closed","template":"","meta":{"_uag_custom_page_level_css":"","site-sidebar-layout":"no-sidebar","site-content-layout":"page-builder","ast-site-content-layout":"default","site-content-style":"default","site-sidebar-style":"default","ast-global-header-display":"","ast-banner-title-visibility":"","ast-main-header-display":"","ast-hfb-above-header-display":"","ast-hfb-below-header-display":"","ast-hfb-mobile-header-display":"","site-post-title":"disabled","ast-breadcrumbs-content":"","ast-featured-img":"","footer-sml-layout":"","theme-transparent-header-meta":"enabled","adv-header-id-meta":"","stick-header-meta":"","header-above-stick-meta":"","header-main-stick-meta":"","header-below-stick-meta":"","astra-migrate-meta-layouts":"default","ast-page-background-enabled":"default","ast-page-background-meta":{"desktop":{"background-color":"var(--ast-global-color-4)","background-image":"","background-repeat":"repeat","background-position":"center center","background-size":"auto","background-attachment":"scroll","background-type":"","background-media":"","overlay-type":"","overlay-color":"","overlay-opacity":"","overlay-gradient":""},"tablet":{"background-color":"","background-image":"","background-repeat":"repeat","background-position":"center center","background-size":"auto","background-attachment":"scroll","background-type":"","background-media":"","overlay-type":"","overlay-color":"","overlay-opacity":"","overlay-gradient":""},"mobile":{"background-color":"","background-image":"","background-repeat":"repeat","background-position":"center center","background-size":"auto","background-attachment":"scroll","background-type":"","background-media":"","overlay-type":"","overlay-color":"","overlay-opacity":"","overlay-gradient":""}},"ast-content-background-meta":{"desktop":{"background-color":"var(--ast-global-color-5)","background-image":"","background-repeat":"repeat","background-position":"center center","background-size":"auto","background-attachment":"scroll","background-type":"","background-media":"","overlay-type":"","overlay-color":"","overlay-opacity":"","overlay-gradient":""},"tablet":{"background-color":"var(--ast-global-color-5)","background-image":"","background-repeat":"repeat","background-position":"center center","background-size":"auto","background-attachment":"scroll","background-type":"","background-media":"","overlay-type":"","overlay-color":"","overlay-opacity":"","overlay-gradient":""},"mobile":{"background-color":"var(--ast-global-color-5)","background-image":"","background-repeat":"repeat","background-position":"center center","background-size":"auto","background-attachment":"scroll","background-type":"","background-media":"","overlay-type":"","overlay-color":"","overlay-opacity":"","overlay-gradient":""}},"footnotes":""},"class_list":["post-78","page","type-page","status-publish","hentry"],"uagb_featured_image_src":{"full":false,"thumbnail":false,"medium":false,"medium_large":false,"large":false,"1536x1536":false,"2048x2048":false},"uagb_author_info":{"display_name":"admin","author_link":"https:\/\/areas.com.py\/?author=1"},"uagb_comment_info":0,"uagb_excerpt":"\u200bAREAS","_links":{"self":[{"href":"https:\/\/areas.com.py\/index.php?rest_route=\/wp\/v2\/pages\/78","targetHints":{"allow":["GET"]}}],"collection":[{"href":"https:\/\/areas.com.py\/index.php?rest_route=\/wp\/v2\/pages"}],"about":[{"href":"https:\/\/areas.com.py\/index.php?rest_route=\/wp\/v2\/types\/page"}],"author":[{"embeddable":true,"href":"https:\/\/areas.com.py\/index.php?rest_route=\/wp\/v2\/users\/1"}],"replies":[{"embeddable":true,"href":"https:\/\/areas.com.py\/index.php?rest_route=%2Fwp%2Fv2%2Fcomments&post=78"}],"version-history":[{"count":33,"href":"https:\/\/areas.com.py\/index.php?rest_route=\/wp\/v2\/pages\/78\/revisions"}],"predecessor-version":[{"id":1185,"href":"https:\/\/areas.com.py\/index.php?rest_route=\/wp\/v2\/pages\/78\/revisions\/1185"}],"wp:attachment":[{"href":"https:\/\/areas.com.py\/index.php?rest_route=%2Fwp%2Fv2%2Fmedia&parent=78"}],"curies":[{"name":"wp","href":"https:\/\/api.w.org\/{rel}","templated":true}]}}